{"id":98,"date":"2026-04-24T09:03:01","date_gmt":"2026-04-24T07:03:01","guid":{"rendered":"https:\/\/jasmin.ict-stage.ch\/?page_id=98"},"modified":"2026-05-07T08:15:01","modified_gmt":"2026-05-07T06:15:01","slug":"reise","status":"publish","type":"page","link":"https:\/\/jasmin.ict-stage.ch\/index.php\/reise\/","title":{"rendered":"Reise"},"content":{"rendered":"<div class=\"et_pb_section_0 et_pb_section et_section_regular et_flex_section et_pb_section_parallax preset--module--divi-section--2e2yk48xfa\"><span class=\"et-pb-parallax-wrapper\"><span class=\"et-pb-parallax-background et-pb-parallax-background-module--divi-section-0\" style=\"background-image:url(https:\/\/jasmin.ict-stage.ch\/wp-content\/uploads\/2026\/04\/Zugeschnitten_NOR_46.jpg);background-color:rgba(0, 0, 0, 0.4);background-blend-mode:darken\"><\/span><\/span>\n<div class=\"et_pb_row_0 et_pb_row et_flex_row\">\n<div class=\"et_pb_column_0 et_pb_column et-last-child et_flex_column et_pb_css_mix_blend_mode_passthrough et_flex_column_24_24 et_flex_column_24_24_tablet et_flex_column_24_24_phone\">\n<div class=\"et_pb_text_0 et_pb_text et_pb_bg_layout_light et_pb_module et_flex_module preset--module--divi-text--ow0sy1etqi\"><div class=\"et_pb_text_inner\"><h1>Ihre Reise in den<br \/>Norden leicht<br \/>gemacht<\/h1>\n<\/div><\/div>\n<\/div>\n<\/div>\n<\/div>\n\n<div class=\"et_pb_section_1 et_pb_section et_section_regular et_flex_section section_has_divider et_pb_top_divider\"><div class=\"et_pb_top_inside_divider et-no-transition\"><\/div>\n<div class=\"et_pb_row_1 et_pb_row et_flex_row\">\n<div class=\"et_pb_column_1 et_pb_column et_flex_column et_pb_css_mix_blend_mode_passthrough et_flex_column_16_24 et_flex_column_16_24_tablet et_flex_column_24_24_phone\">\n<div class=\"et_pb_text_1 et_pb_text et_pb_bg_layout_light et_pb_module et_flex_module\"><div class=\"et_pb_text_inner\"><p><strong>Warum ArcticEdge Tours?<\/strong><br \/><em>Individuell abgestimmte Reisen:<\/em> Jede Reise wird auf Ihre W\u00fcnsche und Vorlieben zugeschnitten.<br \/><em>Expertise im Norden<\/em>: Wir kennen die Region und arbeiten mit lokalen Partnern zusammen, um authentische Erlebnisse zu garantieren.<br \/><em>Pers\u00f6nliche Betreuung:<\/em> Sie erhalten von der Planung bis zur Durchf\u00fchrung Ihrer Reise eine direkte und unkomplizierte Betreuung.<\/p>\n<p>Egal, ob Sie lieber mit dem Flugzeug, der F\u00e4hre oder dem Zug reisen \u2013 wir helfen Ihnen, den besten Weg nach Norwegen zu finden. Unser Team steht Ihnen mit Rat und Tat zur Seite, um Ihre Anreise so angenehm wie m\u00f6glich zu gestalten. Mit einer Vielzahl an Direktfl\u00fcgen aus vielen europ\u00e4ischen St\u00e4dten sowie traumhaften Schiffs- und Zugverbindungen ist Norwegen schnell und bequem erreichbar. Geniessen Sie Ihre Reise schon ab dem ersten Moment.<\/p>\n<\/div><\/div>\n<\/div>\n\n<div class=\"et_pb_column_2 et_pb_column et-last-child et_flex_column et_pb_css_mix_blend_mode_passthrough et_flex_column_8_24 et_flex_column_8_24_tablet et_flex_column_24_24_phone\">\n<div class=\"et_pb_text_2 et_pb_text et_pb_bg_layout_light et_pb_module et_flex_module\"><div class=\"et_pb_text_inner\"><h1><a href=\"https:\/\/jasmin.ict-stage.ch\/index.php\/blogbeitraege\/\">Zu den Blogbeitr\u00e4gen<\/a><\/h1>\n<\/div><\/div>\n<\/div>\n<\/div>\n<\/div>\n\n<div class=\"et_pb_section_2 et_pb_section et_section_regular et_flex_section\">\n<div class=\"et_pb_row_2 et_pb_row et_flex_row\">\n<div class=\"et_pb_column_3 et_pb_column et-last-child et_flex_column et_pb_css_mix_blend_mode_passthrough et_flex_column_24_24 et_flex_column_24_24_tablet et_flex_column_24_24_phone\">\n<div class=\"et_pb_slider_0 et_pb_slider et_pb_slider_fullwidth_off et_pb_module et_flex_module\"><div class=\"et_pb_slides\">\n<div class=\"et_pb_slide_0 et_pb_slide et_pb_media_alignment_center et_pb_bg_layout_dark\" data-slide-id=\"divi\/slide-0\"><div class=\"et_pb_container\"><div class=\"et_pb_slider_container_inner\"><div class=\"et_pb_slide_description et_flex_module\"><\/div><\/div><\/div><\/div>\n\n<div class=\"et_pb_slide_1 et_pb_slide et_pb_media_alignment_center et_pb_bg_layout_dark\" data-slide-id=\"divi\/slide-1\"><div class=\"et_pb_container\"><div class=\"et_pb_slider_container_inner\"><div class=\"et_pb_slide_description et_flex_module\"><\/div><\/div><\/div><\/div>\n\n<div class=\"et_pb_slide_2 et_pb_slide et_pb_media_alignment_center et_pb_bg_layout_dark\" data-slide-id=\"divi\/slide-2\"><div class=\"et_pb_container\"><div class=\"et_pb_slider_container_inner\"><div class=\"et_pb_slide_description et_flex_module\"><\/div><\/div><\/div><\/div>\n<\/div><\/div>\n<\/div>\n<\/div>\n<\/div>\n\n<div class=\"et_pb_section_3 et_pb_section et_section_regular et_flex_section\">\n<div class=\"et_pb_row_3 et_pb_row et_flex_row\">\n<div class=\"et_pb_column_4 et_pb_column et_flex_column et_pb_css_mix_blend_mode_passthrough et_flex_column_12_24 et_flex_column_12_24_tablet et_flex_column_24_24_phone\">\n<div class=\"et_pb_image_0 et_pb_image et_pb_module et_flex_module\"><span class=\"et_pb_image_wrap\"><img loading=\"lazy\" decoding=\"async\" src=\"https:\/\/jasmin.ict-stage.ch\/wp-content\/uploads\/2026\/04\/NOR_36.jpg\" title=\"Eatwell Ecological Farm in California\" width=\"2048\" height=\"1535\" srcset=\"https:\/\/jasmin.ict-stage.ch\/wp-content\/uploads\/2026\/04\/NOR_36.jpg 2048w\" sizes=\"(max-width: 2048px) 100vw, 2048px\" class=\"wp-image-55\" \/><\/span><\/div>\n<\/div>\n\n<div class=\"et_pb_column_5 et_pb_column et-last-child et_flex_column et_pb_css_mix_blend_mode_passthrough et_flex_column_12_24 et_flex_column_12_24_tablet et_flex_column_24_24_phone\">\n<div class=\"et_pb_text_3 et_pb_text et_pb_bg_layout_light et_pb_module et_flex_module\"><div class=\"et_pb_text_inner\"><p><strong>Wir sind f\u00fcr Sie da<\/strong><br \/>Haben Sie Fragen zu unseren Angeboten oder m\u00f6chten Sie eine Reise buchen? Z\u00f6gern Sie nicht, uns zu kontaktieren. Unser freundliches und kompetentes Team steht Ihnen jederzeit zur Verf\u00fcgung. Egal, ob Sie Hilfe bei der Planung brauchen oder eine individuelle Beratung w\u00fcnschen \u2013 wir freuen uns, von Ihnen zu h\u00f6ren!<\/p>\n<p>E-Mail: info@vsia.ch<br \/>Telefon: +41 32 621 63 36<br \/>Adresse: Dornacherplatz 19, 4500 Solothurn<\/p>\n<\/div><\/div>\n<\/div>\n<\/div>\n<\/div>","protected":false},"excerpt":{"rendered":"","protected":false},"author":1,"featured_media":0,"parent":0,"menu_order":0,"comment_status":"closed","ping_status":"closed","template":"","meta":{"footnotes":""},"class_list":["post-98","page","type-page","status-publish","hentry"],"_links":{"self":[{"href":"https:\/\/jasmin.ict-stage.ch\/index.php\/wp-json\/wp\/v2\/pages\/98","targetHints":{"allow":["GET"]}}],"collection":[{"href":"https:\/\/jasmin.ict-stage.ch\/index.php\/wp-json\/wp\/v2\/pages"}],"about":[{"href":"https:\/\/jasmin.ict-stage.ch\/index.php\/wp-json\/wp\/v2\/types\/page"}],"author":[{"embeddable":true,"href":"https:\/\/jasmin.ict-stage.ch\/index.php\/wp-json\/wp\/v2\/users\/1"}],"replies":[{"embeddable":true,"href":"https:\/\/jasmin.ict-stage.ch\/index.php\/wp-json\/wp\/v2\/comments?post=98"}],"version-history":[{"count":24,"href":"https:\/\/jasmin.ict-stage.ch\/index.php\/wp-json\/wp\/v2\/pages\/98\/revisions"}],"predecessor-version":[{"id":358,"href":"https:\/\/jasmin.ict-stage.ch\/index.php\/wp-json\/wp\/v2\/pages\/98\/revisions\/358"}],"wp:attachment":[{"href":"https:\/\/jasmin.ict-stage.ch\/index.php\/wp-json\/wp\/v2\/media?parent=98"}],"curies":[{"name":"wp","href":"https:\/\/api.w.org\/{rel}","templated":true}]}}