{"id":95,"date":"2026-04-24T09:03:11","date_gmt":"2026-04-24T07:03:11","guid":{"rendered":"https:\/\/jasmin.ict-stage.ch\/?page_id=95"},"modified":"2026-05-07T08:16:58","modified_gmt":"2026-05-07T06:16:58","slug":"startseite","status":"publish","type":"page","link":"https:\/\/jasmin.ict-stage.ch\/","title":{"rendered":"Startseite"},"content":{"rendered":"<div class=\"et_pb_section_0 et_pb_section et_section_regular et_flex_section et_pb_section_parallax preset--module--divi-section--2e2yk48xfa\"><span class=\"et-pb-parallax-wrapper\"><span class=\"et-pb-parallax-background et-pb-parallax-background-module--divi-section-0\" style=\"background-image:url(https:\/\/jasmin.ict-stage.ch\/wp-content\/uploads\/2026\/04\/Zugeschnitten_NOR_52.jpg);background-color:rgba(0, 0, 0, 0.15);background-blend-mode:darken\"><\/span><\/span>\n<div class=\"et_pb_row_0 et_pb_row et_flex_row\">\n<div class=\"et_pb_column_0 et_pb_column et-last-child et_flex_column et_pb_css_mix_blend_mode_passthrough et_flex_column_24_24 et_flex_column_24_24_tablet et_flex_column_24_24_phone\">\n<div class=\"et_pb_heading_0 et_pb_heading et_pb_module et_flex_module\"><div class=\"et_pb_heading_container\"><h1 class=\"et_pb_module_header\">Willkommen im Norden!<\/h1><\/div><\/div>\n<\/div>\n<\/div>\n<\/div>\n\n<div class=\"et_pb_section_1 et_pb_section et_section_regular et_flex_section section_has_divider et_pb_top_divider\"><div class=\"et_pb_top_inside_divider et-no-transition\"><\/div>\n<div class=\"et_pb_row_1 et_pb_row et_flex_row\">\n<div class=\"et_pb_column_1 et_pb_column et-last-child et_flex_column et_pb_css_mix_blend_mode_passthrough et_flex_column_24_24 et_flex_column_24_24_tablet et_flex_column_24_24_phone\">\n<div class=\"et_pb_text_0 et_pb_text et_pb_bg_layout_light et_pb_module et_flex_module preset--module--divi-text--rfg25o8r2d\"><div class=\"et_pb_text_inner\"><p style=\"text-align: left;\">Erleben Sie mit uns die unvergessliche Sch\u00f6nheit des Nordens. Entdecken Sie die majest\u00e4tischen Fjorde Norwegens, die faszinierenden Polarlichter und die einzigartige Kultur dieses beeindruckenden Landes. Ob Abenteuer in der Wildnis, Entspannung in malerischen Fischerd\u00f6rfern oder das Erkunden pulsierender St\u00e4dte \u2013 wir bieten Ihnen massgeschneiderte Reisen, die Ihre Sehnsucht nach dem Norden stillen. Lassen Sie uns gemeinsam Ihre Traumreise planen!<\/p>\n<\/div><\/div>\n<\/div>\n<\/div>\n<\/div>\n\n<div class=\"et_pb_section_2 et_pb_section et_section_regular et_flex_section et_pb_section_parallax\"><span class=\"et-pb-parallax-wrapper\"><span class=\"et-pb-parallax-background et-pb-parallax-background-module--divi-section-2\" style=\"background-image:url(https:\/\/jasmin.ict-stage.ch\/wp-content\/uploads\/2026\/04\/Zugeschnitten_NOR_59.jpg)\"><\/span><\/span>\n<div class=\"et_pb_row_2 et_pb_row et_flex_row\">\n<div class=\"et_pb_column_2 et_pb_column et-last-child et_flex_column et_pb_css_mix_blend_mode_passthrough et_flex_column_24_24 et_flex_column_24_24_tablet et_flex_column_24_24_phone\">\n<div class=\"et_pb_heading_1 et_pb_heading et_pb_module et_flex_module\"><div class=\"et_pb_heading_container\"><h1 class=\"et_pb_module_header\">Fakten \u00fcber Norwegen<\/h1><\/div><\/div>\n<\/div>\n<\/div>\n<\/div>\n\n<div class=\"et_pb_section_3 et_pb_section et_section_regular et_flex_section\">\n<div class=\"et_pb_row_3 et_pb_row et_flex_row\">\n<div class=\"et_pb_column_3 et_pb_column et_flex_column et_pb_css_mix_blend_mode_passthrough et_flex_column_12_24 et_flex_column_12_24_tablet et_flex_column_24_24_phone\">\n<ul class=\"et_pb_icon_list_0 et_pb_icon_list et_pb_module et_flex_module\">\n<li class=\"et_pb_icon_list_item_0 et_pb_icon_list_item et_pb_module et_flex_module\"><span class=\"et-pb-icon\">\uf6fc<\/span><div class=\"et_pb_icon_list_text\">1190 Fjorde pr\u00e4gen die K\u00fcste Norwegens, darunter der ber\u00fchmte Geirangerfjord, der zum UNESCO-Weltnaturerbe geh\u00f6rt.<\/div><\/li>\n\n<li class=\"et_pb_icon_list_item_1 et_pb_icon_list_item et_pb_module et_flex_module\"><span class=\"et-pb-icon\">\uf21a<\/span><div class=\"et_pb_icon_list_text\">25000 Kilometer K\u00fcstenlinie \u2013 perfekt f\u00fcr Entdeckungen per Schiff, Kayak oder beim Angeln.<\/div><\/li>\n\n<li class=\"et_pb_icon_list_item_2 et_pb_icon_list_item et_pb_module et_flex_module\"><span class=\"et-pb-icon\">\uf185<\/span><div class=\"et_pb_icon_list_text\">24h Tageslicht - geniessen Sie Mitternachtssonne im Sommer.<\/div><\/li>\n<\/ul>\n<\/div>\n\n<div class=\"et_pb_column_4 et_pb_column et-last-child et_flex_column et_pb_css_mix_blend_mode_passthrough et_flex_column_12_24 et_flex_column_12_24_tablet et_flex_column_24_24_phone\">\n<ul class=\"et_pb_icon_list_1 et_pb_icon_list et_pb_module et_flex_module\">\n<li class=\"et_pb_icon_list_item_3 et_pb_icon_list_item et_pb_module et_flex_module\"><span class=\"et-pb-icon\">\uf186<\/span><div class=\"et_pb_icon_list_text\">200 klare N\u00e4chte pro Jahr - Die Chance, die Polarlichter zu sehen, ist im Winter besonders hoch.<\/div><\/li>\n\n<li class=\"et_pb_icon_list_item_4 et_pb_icon_list_item et_pb_module et_flex_module\"><span class=\"et-pb-icon\">\uf1bb<\/span><div class=\"et_pb_icon_list_text\">46 Nationalparks laden dazu ein, Norwegens atemberaubende Natur zu Fuss oder mit dem Fahrrad zu erkunden.<\/div><\/li>\n<\/ul>\n<\/div>\n<\/div>\n<\/div>","protected":false},"excerpt":{"rendered":"","protected":false},"author":1,"featured_media":0,"parent":0,"menu_order":0,"comment_status":"closed","ping_status":"closed","template":"","meta":{"footnotes":""},"class_list":["post-95","page","type-page","status-publish","hentry"],"_links":{"self":[{"href":"https:\/\/jasmin.ict-stage.ch\/index.php\/wp-json\/wp\/v2\/pages\/95","targetHints":{"allow":["GET"]}}],"collection":[{"href":"https:\/\/jasmin.ict-stage.ch\/index.php\/wp-json\/wp\/v2\/pages"}],"about":[{"href":"https:\/\/jasmin.ict-stage.ch\/index.php\/wp-json\/wp\/v2\/types\/page"}],"author":[{"embeddable":true,"href":"https:\/\/jasmin.ict-stage.ch\/index.php\/wp-json\/wp\/v2\/users\/1"}],"replies":[{"embeddable":true,"href":"https:\/\/jasmin.ict-stage.ch\/index.php\/wp-json\/wp\/v2\/comments?post=95"}],"version-history":[{"count":24,"href":"https:\/\/jasmin.ict-stage.ch\/index.php\/wp-json\/wp\/v2\/pages\/95\/revisions"}],"predecessor-version":[{"id":360,"href":"https:\/\/jasmin.ict-stage.ch\/index.php\/wp-json\/wp\/v2\/pages\/95\/revisions\/360"}],"wp:attachment":[{"href":"https:\/\/jasmin.ict-stage.ch\/index.php\/wp-json\/wp\/v2\/media?parent=95"}],"curies":[{"name":"wp","href":"https:\/\/api.w.org\/{rel}","templated":true}]}}