{"id":120,"date":"2026-04-24T09:01:33","date_gmt":"2026-04-24T07:01:33","guid":{"rendered":"https:\/\/jasmin.ict-stage.ch\/?page_id=120"},"modified":"2026-05-07T09:07:06","modified_gmt":"2026-05-07T07:07:06","slug":"about-us","status":"publish","type":"page","link":"https:\/\/jasmin.ict-stage.ch\/index.php\/about-us\/","title":{"rendered":"About us"},"content":{"rendered":"<div class=\"et_pb_section_0 et_pb_section et_section_regular et_flex_section et_pb_section_parallax preset--module--divi-section--2e2yk48xfa\"><span class=\"et-pb-parallax-wrapper\"><span class=\"et-pb-parallax-background et-pb-parallax-background-module--divi-section-0\" style=\"background-image:url(https:\/\/jasmin.ict-stage.ch\/wp-content\/uploads\/2026\/05\/Zugeschnitten_NOR_43.jpg);background-color:rgba(0, 0, 0, 0.4);background-blend-mode:darken\"><\/span><\/span>\n<div class=\"et_pb_row_0 et_pb_row et_flex_row\">\n<div class=\"et_pb_column_0 et_pb_column et-last-child et_flex_column et_pb_css_mix_blend_mode_passthrough et_flex_column_24_24 et_flex_column_24_24_tablet et_flex_column_24_24_phone\">\n<div class=\"et_pb_text_0 et_pb_text et_pb_bg_layout_light et_pb_module et_flex_module preset--module--divi-text--ow0sy1etqi\"><div class=\"et_pb_text_inner\"><h1>About us<\/h1>\n<\/div><\/div>\n<\/div>\n<\/div>\n<\/div>\n\n<div class=\"et_pb_section_1 et_pb_section et_section_regular et_flex_section section_has_divider et_pb_top_divider\"><div class=\"et_pb_top_inside_divider et-no-transition\"><\/div>\n<div class=\"et_pb_row_1 et_pb_row et_flex_row\">\n<div class=\"et_pb_column_1 et_pb_column et_flex_column et_pb_css_mix_blend_mode_passthrough et_flex_column_12_24 et_flex_column_12_24_tablet et_flex_column_24_24_phone\">\n<div class=\"et_pb_text_1 et_pb_text et_pb_bg_layout_light et_pb_module et_flex_module\"><div class=\"et_pb_text_inner\"><p><strong>Loralei Zh\u00fa | Gr\u00fcnderin &amp; Reiseexpertin<\/strong><\/p>\n<p>Mit einer tiefen Liebe zum Norden und jahrelanger Erfahrung in der Reisebranche gr\u00fcndete ich ArcticEdge Tours, um Reisenden das Beste von Norwegen zu zeigen. Ich lebe und arbeitete in Oslo, spreche fliessend Norwegisch und habe die entlegensten Orte des Landes selbst erkundet. Meine Leidenschaft ist es, einzigartige Reiseerlebnisse zu kreieren, die weit \u00fcber das Gew\u00f6hnliche hinausgehen<\/p>\n<\/div><\/div>\n<\/div>\n\n<div class=\"et_pb_column_2 et_pb_column et-last-child et_flex_column et_pb_css_mix_blend_mode_passthrough et_flex_column_12_24 et_flex_column_12_24_tablet et_flex_column_24_24_phone\">\n<div class=\"et_pb_text_2 et_pb_text et_pb_bg_layout_light et_pb_module et_flex_module\"><div class=\"et_pb_text_inner\"><p><strong>ArcticEdge Tours \u2013 Ihr Experte f\u00fcr Reisen in den Norden<\/strong><\/p>\n<p>ArcticEdge Tours wurde mit der Leidenschaft gegr\u00fcndet, Reisenden die unber\u00fchrte Sch\u00f6nheit und die faszinierende Kultur des Nordens n\u00e4herzubringen. Wir sind spezialisiert auf massgeschneiderte Reisen nach Norwegen, die Ihnen unvergessliche Erlebnisse bieten \u2013 von den atemberaubenden Fjorden bis hin zu den magischen Polarlichtern. Unser Ziel ist es, Ihnen die perfekte Mischung aus Abenteuer, Erholung und kulturellen Entdeckungen zu bieten.<\/p>\n<\/div><\/div>\n<\/div>\n<\/div>\n\n<div class=\"et_pb_row_2 et_pb_row et_flex_row\">\n<div class=\"et_pb_column_3 et_pb_column et-last-child et_flex_column et_pb_css_mix_blend_mode_passthrough et_flex_column_24_24 et_flex_column_24_24_tablet et_flex_column_24_24_phone\">\n<div class=\"et_pb_image_0 et_pb_image et_pb_module et_flex_module\"><span class=\"et_pb_image_wrap\"><img loading=\"lazy\" decoding=\"async\" src=\"https:\/\/jasmin.ict-stage.ch\/wp-content\/uploads\/2026\/05\/Zugeschnitten_NOR_30.jpg\" title=\"Zugeschnitten_NOR_30\" width=\"1778\" height=\"901\" srcset=\"https:\/\/jasmin.ict-stage.ch\/wp-content\/uploads\/2026\/05\/Zugeschnitten_NOR_30.jpg 1778w, https:\/\/jasmin.ict-stage.ch\/wp-content\/uploads\/2026\/05\/Zugeschnitten_NOR_30-1280x649.jpg 1280w, https:\/\/jasmin.ict-stage.ch\/wp-content\/uploads\/2026\/05\/Zugeschnitten_NOR_30-980x497.jpg 980w, https:\/\/jasmin.ict-stage.ch\/wp-content\/uploads\/2026\/05\/Zugeschnitten_NOR_30-480x243.jpg 480w\" sizes=\"(min-width: 0px) and (max-width: 480px) 480px, (min-width: 481px) and (max-width: 980px) 980px, (min-width: 981px) and (max-width: 1280px) 1280px, (min-width: 1281px) 1778px, 100vw\" class=\"wp-image-216\" \/><\/span><\/div>\n<\/div>\n<\/div>\n<\/div>","protected":false},"excerpt":{"rendered":"","protected":false},"author":1,"featured_media":0,"parent":0,"menu_order":0,"comment_status":"closed","ping_status":"closed","template":"","meta":{"footnotes":""},"class_list":["post-120","page","type-page","status-publish","hentry"],"_links":{"self":[{"href":"https:\/\/jasmin.ict-stage.ch\/index.php\/wp-json\/wp\/v2\/pages\/120","targetHints":{"allow":["GET"]}}],"collection":[{"href":"https:\/\/jasmin.ict-stage.ch\/index.php\/wp-json\/wp\/v2\/pages"}],"about":[{"href":"https:\/\/jasmin.ict-stage.ch\/index.php\/wp-json\/wp\/v2\/types\/page"}],"author":[{"embeddable":true,"href":"https:\/\/jasmin.ict-stage.ch\/index.php\/wp-json\/wp\/v2\/users\/1"}],"replies":[{"embeddable":true,"href":"https:\/\/jasmin.ict-stage.ch\/index.php\/wp-json\/wp\/v2\/comments?post=120"}],"version-history":[{"count":11,"href":"https:\/\/jasmin.ict-stage.ch\/index.php\/wp-json\/wp\/v2\/pages\/120\/revisions"}],"predecessor-version":[{"id":336,"href":"https:\/\/jasmin.ict-stage.ch\/index.php\/wp-json\/wp\/v2\/pages\/120\/revisions\/336"}],"wp:attachment":[{"href":"https:\/\/jasmin.ict-stage.ch\/index.php\/wp-json\/wp\/v2\/media?parent=120"}],"curies":[{"name":"wp","href":"https:\/\/api.w.org\/{rel}","templated":true}]}}