{"id":114,"date":"2026-04-24T09:01:53","date_gmt":"2026-04-24T07:01:53","guid":{"rendered":"https:\/\/jasmin.ict-stage.ch\/?page_id=114"},"modified":"2026-05-07T07:52:34","modified_gmt":"2026-05-07T05:52:34","slug":"blogbeitraege","status":"publish","type":"page","link":"https:\/\/jasmin.ict-stage.ch\/index.php\/blogbeitraege\/","title":{"rendered":"Blogbeitr\u00e4ge"},"content":{"rendered":"<div class=\"et_pb_section_0 et_pb_section et_section_regular et_flex_section et_pb_section_parallax preset--module--divi-section--2e2yk48xfa\"><span class=\"et-pb-parallax-wrapper\"><span class=\"et-pb-parallax-background et-pb-parallax-background-module--divi-section-0\" style=\"background-image:url(https:\/\/jasmin.ict-stage.ch\/wp-content\/uploads\/2026\/05\/Zugeschnitten_NOR_10.jpg);background-color:hsl(from #000000 calc(h + 0) calc(s + 0) calc(l + 0) \/ 0.4);background-blend-mode:darken\"><\/span><\/span>\n<div class=\"et_pb_row_0 et_pb_row et_flex_row\">\n<div class=\"et_pb_column_0 et_pb_column et-last-child et_flex_column et_pb_css_mix_blend_mode_passthrough et_flex_column_24_24 et_flex_column_24_24_tablet et_flex_column_24_24_phone\">\n<div class=\"et_pb_text_0 et_pb_text et_pb_bg_layout_light et_pb_module et_flex_module preset--module--divi-text--ow0sy1etqi\"><div class=\"et_pb_text_inner\"><h1>Blog&shy;beitr\u00e4ge<\/h1>\n<\/div><\/div>\n<\/div>\n<\/div>\n<\/div>\n\n<div class=\"et_pb_section_1 et_pb_section et_section_regular et_flex_section\">\n<div class=\"et_pb_row_1 et_pb_row et_flex_row\">\n<div class=\"et_pb_column_1 et_pb_column et-last-child et_flex_column et_pb_css_mix_blend_mode_passthrough et_flex_column_24_24 et_flex_column_24_24_tablet et_flex_column_24_24_phone\">\n<div class=\"et_pb_blog_0 et_pb_blog et_pb_bg_layout_light et_pb_posts et_pb_module\"><div class=\"et_pb_ajax_pagination_container\"><div class=\"et_pb_posts et_grid_module\"><article class=\"et_pb_post et_pb_post_id_239 clearfix et_pb_blog_item_0_0 post-239 post type-post status-publish format-standard has-post-thumbnail hentry category-allgemein\"><div class=\"et_pb_image_container\"><a href=\"https:\/\/jasmin.ict-stage.ch\/index.php\/2026\/05\/06\/fjord-abenteuer-in-bergen\/\" class=\"entry-featured-image-url\"><img loading=\"lazy\" decoding=\"async\" src=\"https:\/\/jasmin.ict-stage.ch\/wp-content\/uploads\/2026\/04\/NOR_1.jpg\" width=\"400\" height=\"266\" alt=\"Fjord-Abenteuer in Bergen\" class=\"\" srcset=\"https:\/\/jasmin.ict-stage.ch\/wp-content\/uploads\/2026\/04\/NOR_1.jpg 479w, https:\/\/jasmin.ict-stage.ch\/wp-content\/uploads\/2026\/04\/NOR_1.jpg 480w\" sizes=\"(max-width:479px) 479px, 100vw\" \/><span data-icon=\"\ue050\" class=\"et_overlay et_pb_inline_icon\"><\/span><\/a><\/div><h2 class=\"entry-title\"><a href=\"https:\/\/jasmin.ict-stage.ch\/index.php\/2026\/05\/06\/fjord-abenteuer-in-bergen\/\">Fjord-Abenteuer in Bergen<\/a><\/h2><p class=\"post-meta\"><span class=\"published\">06.05.2026<\/span> | <span class=\"entry-categories\"><a href=\"https:\/\/jasmin.ict-stage.ch\/index.php\/category\/allgemein\/\" rel=\"tag\">Allgemein<\/a><\/span><\/p><div class=\"post-content\"><div class=\"post-content-inner\"><p>Meine Reise nach Bergen begann mit einem atemberaubenden Blick auf die majest\u00e4tischen Fjorde, die im Morgenlicht glitzerten. Schon bei der Ankunft sp\u00fcrt man, wie stark die Stadt mit den Fjorden und Bergen verbunden ist. Die frische, klare Luft und das Gef\u00fchl, in der&#8230;<\/p>\n<\/div><\/div><\/article><article class=\"et_pb_post et_pb_post_id_237 clearfix et_pb_blog_item_0_1 post-237 post type-post status-publish format-standard has-post-thumbnail hentry category-allgemein\"><div class=\"et_pb_image_container\"><a href=\"https:\/\/jasmin.ict-stage.ch\/index.php\/2026\/05\/04\/wanderung-zum-preikestolen\/\" class=\"entry-featured-image-url\"><img loading=\"lazy\" decoding=\"async\" src=\"https:\/\/jasmin.ict-stage.ch\/wp-content\/uploads\/2026\/04\/NOR_33.jpg\" width=\"400\" height=\"266\" alt=\"Wanderung zum Preikestolen\" class=\"\" srcset=\"https:\/\/jasmin.ict-stage.ch\/wp-content\/uploads\/2026\/04\/NOR_33.jpg 479w, https:\/\/jasmin.ict-stage.ch\/wp-content\/uploads\/2026\/04\/NOR_33.jpg 480w\" sizes=\"(max-width:479px) 479px, 100vw\" \/><span data-icon=\"\ue050\" class=\"et_overlay et_pb_inline_icon\"><\/span><\/a><\/div><h2 class=\"entry-title\"><a href=\"https:\/\/jasmin.ict-stage.ch\/index.php\/2026\/05\/04\/wanderung-zum-preikestolen\/\">Wanderung zum Preikestolen<\/a><\/h2><p class=\"post-meta\"><span class=\"published\">04.05.2026<\/span> | <span class=\"entry-categories\"><a href=\"https:\/\/jasmin.ict-stage.ch\/index.php\/category\/allgemein\/\" rel=\"tag\">Allgemein<\/a><\/span><\/p><div class=\"post-content\"><div class=\"post-content-inner\"><p>Die Wanderung zum Preikestolen, einem der ber\u00fchmtesten Felsen Norwegens, war ein echtes Highlight meiner Reise. Die Anreise war einfach, und ich war voller Vorfreude, als ich den Ausgangspunkt der Wanderung erreichte. Der Tag begann sonnig, was die beste Voraussetzung&#8230;<\/p>\n<\/div><\/div><\/article><article class=\"et_pb_post et_pb_post_id_235 clearfix et_pb_blog_item_0_2 post-235 post type-post status-publish format-standard has-post-thumbnail hentry category-allgemein\"><div class=\"et_pb_image_container\"><a href=\"https:\/\/jasmin.ict-stage.ch\/index.php\/2026\/05\/01\/zugfahrt-durch-das-flamsbana-tal\/\" class=\"entry-featured-image-url\"><img loading=\"lazy\" decoding=\"async\" src=\"https:\/\/jasmin.ict-stage.ch\/wp-content\/uploads\/2026\/04\/NOR_23.jpg\" width=\"379\" height=\"284\" alt=\"Zugfahrt durch das Fl\u00e5msbana-Tal\" class=\"\" srcset=\"https:\/\/jasmin.ict-stage.ch\/wp-content\/uploads\/2026\/04\/NOR_23.jpg 479w, https:\/\/jasmin.ict-stage.ch\/wp-content\/uploads\/2026\/04\/NOR_23.jpg 480w\" sizes=\"(max-width:479px) 479px, 100vw\" \/><span data-icon=\"\ue050\" class=\"et_overlay et_pb_inline_icon\"><\/span><\/a><\/div><h2 class=\"entry-title\"><a href=\"https:\/\/jasmin.ict-stage.ch\/index.php\/2026\/05\/01\/zugfahrt-durch-das-flamsbana-tal\/\">Zugfahrt durch das Fl\u00e5msbana-Tal<\/a><\/h2><p class=\"post-meta\"><span class=\"published\">01.05.2026<\/span> | <span class=\"entry-categories\"><a href=\"https:\/\/jasmin.ict-stage.ch\/index.php\/category\/allgemein\/\" rel=\"tag\">Allgemein<\/a><\/span><\/p><div class=\"post-content\"><div class=\"post-content-inner\"><p>Eine meiner entspanntesten Reisen in Norwegen war die Zugfahrt durch das Fl\u00e5msbana-Tal. Diese Strecke gilt als eine der sch\u00f6nsten Zugfahrten der Welt, und ich konnte es kaum erwarten, die atemberaubende Landschaft zu geniessen. Der Zug, der von Fl\u00e5m nach Myrdal f\u00e4hrt,&#8230;<\/p>\n<\/div><\/div><\/article><article class=\"et_pb_post et_pb_post_id_233 clearfix et_pb_blog_item_0_3 post-233 post type-post status-publish format-standard has-post-thumbnail hentry category-allgemein\"><div class=\"et_pb_image_container\"><a href=\"https:\/\/jasmin.ict-stage.ch\/index.php\/2026\/04\/29\/oslo-die-pulsierende-hauptstadt\/\" class=\"entry-featured-image-url\"><img loading=\"lazy\" decoding=\"async\" src=\"https:\/\/jasmin.ict-stage.ch\/wp-content\/uploads\/2026\/04\/NOR_27.jpg\" width=\"379\" height=\"284\" alt=\"Oslo: Die pulsierende Hauptstadt\" class=\"\" srcset=\"https:\/\/jasmin.ict-stage.ch\/wp-content\/uploads\/2026\/04\/NOR_27.jpg 479w, https:\/\/jasmin.ict-stage.ch\/wp-content\/uploads\/2026\/04\/NOR_27.jpg 480w\" sizes=\"(max-width:479px) 479px, 100vw\" \/><span data-icon=\"\ue050\" class=\"et_overlay et_pb_inline_icon\"><\/span><\/a><\/div><h2 class=\"entry-title\"><a href=\"https:\/\/jasmin.ict-stage.ch\/index.php\/2026\/04\/29\/oslo-die-pulsierende-hauptstadt\/\">Oslo: Die pulsierende Hauptstadt<\/a><\/h2><p class=\"post-meta\"><span class=\"published\">29.04.2026<\/span> | <span class=\"entry-categories\"><a href=\"https:\/\/jasmin.ict-stage.ch\/index.php\/category\/allgemein\/\" rel=\"tag\">Allgemein<\/a><\/span><\/p><div class=\"post-content\"><div class=\"post-content-inner\"><p>Oslo hat mich mit seiner Mischung aus moderner Architektur und Natur \u00fcberrascht. Als ich die Stadt betrat, sp\u00fcrte ich sofort die lebendige Atmosph\u00e4re. Die Strassen waren voll mit Menschen, und \u00fcberall gab es Kunst und Kultur zu entdecken. Der Besuch des Opernhauses,&#8230;<\/p>\n<\/div><\/div><\/article><article class=\"et_pb_post et_pb_post_id_231 clearfix et_pb_blog_item_0_4 post-231 post type-post status-publish format-standard has-post-thumbnail hentry category-allgemein\"><div class=\"et_pb_image_container\"><a href=\"https:\/\/jasmin.ict-stage.ch\/index.php\/2026\/04\/27\/nordkap-das-ende-der-welt\/\" class=\"entry-featured-image-url\"><img loading=\"lazy\" decoding=\"async\" src=\"https:\/\/jasmin.ict-stage.ch\/wp-content\/uploads\/2026\/04\/NOR_55.jpg\" width=\"400\" height=\"266\" alt=\"Nordkap: Das Ende der Welt\" class=\"\" srcset=\"https:\/\/jasmin.ict-stage.ch\/wp-content\/uploads\/2026\/04\/NOR_55.jpg 479w, https:\/\/jasmin.ict-stage.ch\/wp-content\/uploads\/2026\/04\/NOR_55.jpg 480w\" sizes=\"(max-width:479px) 479px, 100vw\" \/><span data-icon=\"\ue050\" class=\"et_overlay et_pb_inline_icon\"><\/span><\/a><\/div><h2 class=\"entry-title\"><a href=\"https:\/\/jasmin.ict-stage.ch\/index.php\/2026\/04\/27\/nordkap-das-ende-der-welt\/\">Nordkap: Das Ende der Welt<\/a><\/h2><p class=\"post-meta\"><span class=\"published\">27.04.2026<\/span> | <span class=\"entry-categories\"><a href=\"https:\/\/jasmin.ict-stage.ch\/index.php\/category\/allgemein\/\" rel=\"tag\">Allgemein<\/a><\/span><\/p><div class=\"post-content\"><div class=\"post-content-inner\"><p>Mein Abenteuer am Nordkap war ein wahrhaft einmaliges Erlebnis. Die Reise dorthin f\u00fchrte mich durch einige der beeindruckendsten Landschaften Norwegens. Als ich das ber\u00fchmte Nordkap-Denkmal erreichte, sp\u00fcrte ich die Magie dieses Ortes. Der Blick auf das Nordpolarmeer&#8230;<\/p>\n<\/div><\/div><\/article><article class=\"et_pb_post et_pb_post_id_229 clearfix et_pb_blog_item_0_5 post-229 post type-post status-publish format-standard has-post-thumbnail hentry category-allgemein\"><div class=\"et_pb_image_container\"><a href=\"https:\/\/jasmin.ict-stage.ch\/index.php\/2026\/04\/24\/die-lofoten-inseln-ein-paradies-fuer-naturfreunde\/\" class=\"entry-featured-image-url\"><img loading=\"lazy\" decoding=\"async\" src=\"https:\/\/jasmin.ict-stage.ch\/wp-content\/uploads\/2026\/04\/NOR_12.jpg\" width=\"400\" height=\"266\" alt=\"Die Lofoten-Inseln: Ein Paradies f\u00fcr Naturfreunde\" class=\"\" srcset=\"https:\/\/jasmin.ict-stage.ch\/wp-content\/uploads\/2026\/04\/NOR_12.jpg 479w, https:\/\/jasmin.ict-stage.ch\/wp-content\/uploads\/2026\/04\/NOR_12.jpg 480w\" sizes=\"(max-width:479px) 479px, 100vw\" \/><span data-icon=\"\ue050\" class=\"et_overlay et_pb_inline_icon\"><\/span><\/a><\/div><h2 class=\"entry-title\"><a href=\"https:\/\/jasmin.ict-stage.ch\/index.php\/2026\/04\/24\/die-lofoten-inseln-ein-paradies-fuer-naturfreunde\/\">Die Lofoten-Inseln: Ein Paradies f\u00fcr Naturfreunde<\/a><\/h2><p class=\"post-meta\"><span class=\"published\">24.04.2026<\/span> | <span class=\"entry-categories\"><a href=\"https:\/\/jasmin.ict-stage.ch\/index.php\/category\/allgemein\/\" rel=\"tag\">Allgemein<\/a><\/span><\/p><div class=\"post-content\"><div class=\"post-content-inner\"><p>Die Lofoten-Inseln haben mich mit ihrer beeindruckenden Sch\u00f6nheit und ihrem rauen Charme verzaubert. Ich kam mit der F\u00e4hre an und war sofort von den schroffen Bergen und dem glitzernden Wasser begeistert. Die Farben der Landschaft waren \u00fcberw\u00e4ltigend: tiefblaue&#8230;<\/p>\n<\/div><\/div><\/article><article class=\"et_pb_post et_pb_post_id_227 clearfix et_pb_blog_item_0_6 post-227 post type-post status-publish format-standard has-post-thumbnail hentry category-allgemein\"><div class=\"et_pb_image_container\"><a href=\"https:\/\/jasmin.ict-stage.ch\/index.php\/2026\/04\/22\/winterzauber-in-tromso\/\" class=\"entry-featured-image-url\"><img loading=\"lazy\" decoding=\"async\" src=\"https:\/\/jasmin.ict-stage.ch\/wp-content\/uploads\/2026\/04\/NOR_61.jpg\" width=\"400\" height=\"267\" alt=\"Winterzauber in Troms\u00f8\" class=\"\" srcset=\"https:\/\/jasmin.ict-stage.ch\/wp-content\/uploads\/2026\/04\/NOR_61.jpg 479w, https:\/\/jasmin.ict-stage.ch\/wp-content\/uploads\/2026\/04\/NOR_61.jpg 480w\" sizes=\"(max-width:479px) 479px, 100vw\" \/><span data-icon=\"\ue050\" class=\"et_overlay et_pb_inline_icon\"><\/span><\/a><\/div><h2 class=\"entry-title\"><a href=\"https:\/\/jasmin.ict-stage.ch\/index.php\/2026\/04\/22\/winterzauber-in-tromso\/\">Winterzauber in Troms\u00f8<\/a><\/h2><p class=\"post-meta\"><span class=\"published\">22.04.2026<\/span> | <span class=\"entry-categories\"><a href=\"https:\/\/jasmin.ict-stage.ch\/index.php\/category\/allgemein\/\" rel=\"tag\">Allgemein<\/a><\/span><\/p><div class=\"post-content\"><div class=\"post-content-inner\"><p>Troms\u00f8 im Winter ist ein wahres Winterwunderland. Als ich in der Stadt ankam, war alles von einer dicken Schicht Schnee bedeckt, und die Luft war klar und frisch. Die Atmosph\u00e4re war magisch, und ich f\u00fchlte mich wie in einem M\u00e4rchen. Die bunten H\u00e4user in der Stadt&#8230;<\/p>\n<\/div><\/div><\/article><article class=\"et_pb_post et_pb_post_id_225 clearfix et_pb_blog_item_0_7 post-225 post type-post status-publish format-standard has-post-thumbnail hentry category-allgemein\"><div class=\"et_pb_image_container\"><a href=\"https:\/\/jasmin.ict-stage.ch\/index.php\/2026\/04\/20\/rondane-ein-wanderparadies\/\" class=\"entry-featured-image-url\"><img loading=\"lazy\" decoding=\"async\" src=\"https:\/\/jasmin.ict-stage.ch\/wp-content\/uploads\/2026\/04\/NOR_49.jpg\" width=\"400\" height=\"267\" alt=\"Rondane: Ein Wanderparadies\" class=\"\" srcset=\"https:\/\/jasmin.ict-stage.ch\/wp-content\/uploads\/2026\/04\/NOR_49.jpg 479w, https:\/\/jasmin.ict-stage.ch\/wp-content\/uploads\/2026\/04\/NOR_49.jpg 480w\" sizes=\"(max-width:479px) 479px, 100vw\" \/><span data-icon=\"\ue050\" class=\"et_overlay et_pb_inline_icon\"><\/span><\/a><\/div><h2 class=\"entry-title\"><a href=\"https:\/\/jasmin.ict-stage.ch\/index.php\/2026\/04\/20\/rondane-ein-wanderparadies\/\">Rondane: Ein Wanderparadies<\/a><\/h2><p class=\"post-meta\"><span class=\"published\">20.04.2026<\/span> | <span class=\"entry-categories\"><a href=\"https:\/\/jasmin.ict-stage.ch\/index.php\/category\/allgemein\/\" rel=\"tag\">Allgemein<\/a><\/span><\/p><div class=\"post-content\"><div class=\"post-content-inner\"><p>Die Rondane-Bergregion ist ein wahres Wanderparadies in Norwegen. Meine Reise begann im Rondane Nationalpark, wo ich von der atemberaubenden Landschaft und den schroffen Bergen begeistert war. Ich packte meinen Rucksack und machte mich auf den Weg, um die Sch\u00f6nheit&#8230;<\/p>\n<\/div><\/div><\/article><article class=\"et_pb_post et_pb_post_id_223 clearfix et_pb_blog_item_0_8 post-223 post type-post status-publish format-standard has-post-thumbnail hentry category-allgemein\"><div class=\"et_pb_image_container\"><a href=\"https:\/\/jasmin.ict-stage.ch\/index.php\/2026\/04\/17\/der-wasserfall-voringsfossen-ein-naturwunder\/\" class=\"entry-featured-image-url\"><img loading=\"lazy\" decoding=\"async\" src=\"https:\/\/jasmin.ict-stage.ch\/wp-content\/uploads\/2026\/04\/NOR_2.jpg\" width=\"379\" height=\"284\" alt=\"Der Wasserfall V\u00f8ringsfossen: Ein Naturwunder\" class=\"\" srcset=\"https:\/\/jasmin.ict-stage.ch\/wp-content\/uploads\/2026\/04\/NOR_2.jpg 479w, https:\/\/jasmin.ict-stage.ch\/wp-content\/uploads\/2026\/04\/NOR_2.jpg 480w\" sizes=\"(max-width:479px) 479px, 100vw\" \/><span data-icon=\"\ue050\" class=\"et_overlay et_pb_inline_icon\"><\/span><\/a><\/div><h2 class=\"entry-title\"><a href=\"https:\/\/jasmin.ict-stage.ch\/index.php\/2026\/04\/17\/der-wasserfall-voringsfossen-ein-naturwunder\/\">Der Wasserfall V\u00f8ringsfossen: Ein Naturwunder<\/a><\/h2><p class=\"post-meta\"><span class=\"published\">17.04.2026<\/span> | <span class=\"entry-categories\"><a href=\"https:\/\/jasmin.ict-stage.ch\/index.php\/category\/allgemein\/\" rel=\"tag\">Allgemein<\/a><\/span><\/p><div class=\"post-content\"><div class=\"post-content-inner\"><p>Der V\u00f8ringsfossen, einer der ber\u00fchmtesten Wasserf\u00e4lle Norwegens, war eines meiner aufregendsten Reiseziele. Als ich mich auf den Weg zu diesem Naturwunder machte, sp\u00fcrte ich die Vorfreude in der Luft. Der Wasserfall st\u00fcrzt \u00fcber 180 Meter in die Tiefe und ist von einer&#8230;<\/p>\n<\/div><\/div><\/article><article class=\"et_pb_post et_pb_post_id_220 clearfix et_pb_blog_item_0_9 post-220 post type-post status-publish format-standard has-post-thumbnail hentry category-allgemein\"><div class=\"et_pb_image_container\"><a href=\"https:\/\/jasmin.ict-stage.ch\/index.php\/2026\/04\/15\/der-geirangerfjord-ein-meisterwerk-der-natur\/\" class=\"entry-featured-image-url\"><img loading=\"lazy\" decoding=\"async\" src=\"https:\/\/jasmin.ict-stage.ch\/wp-content\/uploads\/2026\/04\/NOR_45.jpg\" width=\"400\" height=\"267\" alt=\"Der Geirangerfjord: Ein Meisterwerk der Natur\" class=\"\" srcset=\"https:\/\/jasmin.ict-stage.ch\/wp-content\/uploads\/2026\/04\/NOR_45.jpg 479w, https:\/\/jasmin.ict-stage.ch\/wp-content\/uploads\/2026\/04\/NOR_45.jpg 480w\" sizes=\"(max-width:479px) 479px, 100vw\" \/><span data-icon=\"\ue050\" class=\"et_overlay et_pb_inline_icon\"><\/span><\/a><\/div><h2 class=\"entry-title\"><a href=\"https:\/\/jasmin.ict-stage.ch\/index.php\/2026\/04\/15\/der-geirangerfjord-ein-meisterwerk-der-natur\/\">Der Geirangerfjord: Ein Meisterwerk der Natur<\/a><\/h2><p class=\"post-meta\"><span class=\"published\">15.04.2026<\/span> | <span class=\"entry-categories\"><a href=\"https:\/\/jasmin.ict-stage.ch\/index.php\/category\/allgemein\/\" rel=\"tag\">Allgemein<\/a><\/span><\/p><div class=\"post-content\"><div class=\"post-content-inner\"><p>Der Geirangerfjord, ein UNESCO-Weltkulturerbe, ist bekannt f\u00fcr seine atemberaubende Sch\u00f6nheit und beeindruckenden Landschaften. Meine Reise zu diesem Naturwunder begann in der kleinen Stadt Geiranger, die von hohen Bergen und schroffen Klippen umgeben ist. Die Stadt&#8230;<\/p>\n<\/div><\/div><\/article><\/div><div class=\"pagination clearfix\">\n\t<div class=\"alignleft\"><\/div>\n\t<div class=\"alignright\"><\/div>\n<\/div><\/div><\/div>\n<\/div>\n<\/div>\n<\/div>","protected":false},"excerpt":{"rendered":"","protected":false},"author":1,"featured_media":0,"parent":0,"menu_order":0,"comment_status":"closed","ping_status":"closed","template":"","meta":{"footnotes":""},"class_list":["post-114","page","type-page","status-publish","hentry"],"_links":{"self":[{"href":"https:\/\/jasmin.ict-stage.ch\/index.php\/wp-json\/wp\/v2\/pages\/114","targetHints":{"allow":["GET"]}}],"collection":[{"href":"https:\/\/jasmin.ict-stage.ch\/index.php\/wp-json\/wp\/v2\/pages"}],"about":[{"href":"https:\/\/jasmin.ict-stage.ch\/index.php\/wp-json\/wp\/v2\/types\/page"}],"author":[{"embeddable":true,"href":"https:\/\/jasmin.ict-stage.ch\/index.php\/wp-json\/wp\/v2\/users\/1"}],"replies":[{"embeddable":true,"href":"https:\/\/jasmin.ict-stage.ch\/index.php\/wp-json\/wp\/v2\/comments?post=114"}],"version-history":[{"count":17,"href":"https:\/\/jasmin.ict-stage.ch\/index.php\/wp-json\/wp\/v2\/pages\/114\/revisions"}],"predecessor-version":[{"id":337,"href":"https:\/\/jasmin.ict-stage.ch\/index.php\/wp-json\/wp\/v2\/pages\/114\/revisions\/337"}],"wp:attachment":[{"href":"https:\/\/jasmin.ict-stage.ch\/index.php\/wp-json\/wp\/v2\/media?parent=114"}],"curies":[{"name":"wp","href":"https:\/\/api.w.org\/{rel}","templated":true}]}}